{"id":94,"date":"2021-12-02T20:15:52","date_gmt":"2021-12-02T19:15:52","guid":{"rendered":"http:\/\/www.czbiom.cz\/?page_id=94"},"modified":"2024-09-19T13:13:43","modified_gmt":"2024-09-19T11:13:43","slug":"kalendar-akci","status":"publish","type":"page","link":"https:\/\/www.czbiom.cz\/en\/kalendar-akci\/","title":{"rendered":"Events"},"content":{"rendered":"","protected":false},"excerpt":{"rendered":"","protected":false},"author":1,"featured_media":591,"parent":0,"menu_order":28,"comment_status":"closed","ping_status":"closed","template":"kalendar-akci.php","meta":{"_acf_changed":false,"footnotes":""},"class_list":["post-94","page","type-page","status-publish","has-post-thumbnail","hentry"],"acf":[],"yoast_head":"<!-- This site is optimized with the Yoast SEO plugin v27.4 - https:\/\/yoast.com\/product\/yoast-seo-wordpress\/ -->\n<title>Events - \u010cesk\u00e9 sdru\u017een\u00ed pro biomasu<\/title>\n<meta name=\"robots\" content=\"index, follow, max-snippet:-1, max-image-preview:large, max-video-preview:-1\" \/>\n<link rel=\"canonical\" href=\"https:\/\/www.czbiom.cz\/en\/kalendar-akci\/\" \/>\n<meta property=\"og:locale\" content=\"en_US\" \/>\n<meta property=\"og:type\" content=\"article\" \/>\n<meta property=\"og:title\" content=\"Events - \u010cesk\u00e9 sdru\u017een\u00ed pro biomasu\" \/>\n<meta property=\"og:url\" content=\"https:\/\/www.czbiom.cz\/en\/kalendar-akci\/\" \/>\n<meta property=\"og:site_name\" content=\"\u010cesk\u00e9 sdru\u017een\u00ed pro biomasu\" \/>\n<meta property=\"article:publisher\" content=\"https:\/\/www.facebook.com\/czbiom\/\" \/>\n<meta property=\"article:modified_time\" content=\"2024-09-19T11:13:43+00:00\" \/>\n<meta property=\"og:image\" content=\"https:\/\/www.czbiom.cz\/wp-content\/uploads\/biogas-plant-scaled.jpg\" \/>\n\t<meta property=\"og:image:width\" content=\"2560\" \/>\n\t<meta property=\"og:image:height\" content=\"1706\" \/>\n\t<meta property=\"og:image:type\" content=\"image\/jpeg\" \/>\n<meta name=\"twitter:card\" content=\"summary_large_image\" \/>\n<meta name=\"twitter:site\" content=\"@CZBiom\" \/>\n<script type=\"application\/ld+json\" class=\"yoast-schema-graph\">{\"@context\":\"https:\\\/\\\/schema.org\",\"@graph\":[{\"@type\":\"WebPage\",\"@id\":\"https:\\\/\\\/www.czbiom.cz\\\/en\\\/kalendar-akci\\\/\",\"url\":\"https:\\\/\\\/www.czbiom.cz\\\/en\\\/kalendar-akci\\\/\",\"name\":\"Events - \u010cesk\u00e9 sdru\u017een\u00ed pro biomasu\",\"isPartOf\":{\"@id\":\"https:\\\/\\\/www.czbiom.cz\\\/en\\\/#website\"},\"primaryImageOfPage\":{\"@id\":\"https:\\\/\\\/www.czbiom.cz\\\/en\\\/kalendar-akci\\\/#primaryimage\"},\"image\":{\"@id\":\"https:\\\/\\\/www.czbiom.cz\\\/kalendar-akci\\\/#primaryimage\"},\"thumbnailUrl\":\"https:\\\/\\\/www.czbiom.cz\\\/wp-content\\\/uploads\\\/biogas-plant-scaled.jpg\",\"datePublished\":\"2021-12-02T19:15:52+00:00\",\"dateModified\":\"2024-09-19T11:13:43+00:00\",\"breadcrumb\":{\"@id\":\"https:\\\/\\\/www.czbiom.cz\\\/en\\\/kalendar-akci\\\/#breadcrumb\"},\"inLanguage\":\"en-US\",\"potentialAction\":[{\"@type\":\"ReadAction\",\"target\":[[\"https:\\\/\\\/www.czbiom.cz\\\/en\\\/kalendar-akci\\\/\"]]}]},{\"@type\":\"ImageObject\",\"inLanguage\":\"en-US\",\"@id\":\"https:\\\/\\\/www.czbiom.cz\\\/en\\\/kalendar-akci\\\/#primaryimage\",\"url\":\"https:\\\/\\\/www.czbiom.cz\\\/wp-content\\\/uploads\\\/biogas-plant-scaled.jpg\",\"contentUrl\":\"https:\\\/\\\/www.czbiom.cz\\\/wp-content\\\/uploads\\\/biogas-plant-scaled.jpg\",\"width\":2560,\"height\":1706},{\"@type\":\"BreadcrumbList\",\"@id\":\"https:\\\/\\\/www.czbiom.cz\\\/en\\\/kalendar-akci\\\/#breadcrumb\",\"itemListElement\":[{\"@type\":\"ListItem\",\"position\":1,\"name\":\"Dom\u016f\",\"item\":\"https:\\\/\\\/www.czbiom.cz\\\/en\\\/\"},{\"@type\":\"ListItem\",\"position\":2,\"name\":\"Kalend\u00e1\u0159 akc\u00ed\"}]},{\"@type\":\"WebSite\",\"@id\":\"https:\\\/\\\/www.czbiom.cz\\\/en\\\/#website\",\"url\":\"https:\\\/\\\/www.czbiom.cz\\\/en\\\/\",\"name\":\"\u010cesk\u00e9 sdru\u017een\u00ed pro biomasu\",\"description\":\"\",\"publisher\":{\"@id\":\"https:\\\/\\\/www.czbiom.cz\\\/en\\\/#organization\"},\"potentialAction\":[{\"@type\":\"SearchAction\",\"target\":{\"@type\":\"EntryPoint\",\"urlTemplate\":\"https:\\\/\\\/www.czbiom.cz\\\/en\\\/?s={search_term_string}\"},\"query-input\":{\"@type\":\"PropertyValueSpecification\",\"valueRequired\":true,\"valueName\":\"search_term_string\"}}],\"inLanguage\":\"en-US\"},{\"@type\":\"Organization\",\"@id\":\"https:\\\/\\\/www.czbiom.cz\\\/en\\\/#organization\",\"name\":\"\u010cesk\u00e9 sdru\u017een\u00ed pro biomasu\",\"url\":\"https:\\\/\\\/www.czbiom.cz\\\/en\\\/\",\"logo\":{\"@type\":\"ImageObject\",\"inLanguage\":\"en-US\",\"@id\":\"https:\\\/\\\/www.czbiom.cz\\\/en\\\/#\\\/schema\\\/logo\\\/image\\\/\",\"url\":\"https:\\\/\\\/www.czbiom.cz\\\/wp-content\\\/uploads\\\/logo-fb.png\",\"contentUrl\":\"https:\\\/\\\/www.czbiom.cz\\\/wp-content\\\/uploads\\\/logo-fb.png\",\"width\":1200,\"height\":630,\"caption\":\"\u010cesk\u00e9 sdru\u017een\u00ed pro biomasu\"},\"image\":{\"@id\":\"https:\\\/\\\/www.czbiom.cz\\\/en\\\/#\\\/schema\\\/logo\\\/image\\\/\"},\"sameAs\":[\"https:\\\/\\\/www.facebook.com\\\/czbiom\\\/\",\"https:\\\/\\\/x.com\\\/CZBiom\",\"https:\\\/\\\/www.youtube.com\\\/@czbiom5277\",\"https:\\\/\\\/www.linkedin.com\\\/company\\\/asociaceczbiom\"]}]}<\/script>\n<!-- \/ Yoast SEO plugin. -->","yoast_head_json":{"title":"Events - \u010cesk\u00e9 sdru\u017een\u00ed pro biomasu","robots":{"index":"index","follow":"follow","max-snippet":"max-snippet:-1","max-image-preview":"max-image-preview:large","max-video-preview":"max-video-preview:-1"},"canonical":"https:\/\/www.czbiom.cz\/en\/kalendar-akci\/","og_locale":"en_US","og_type":"article","og_title":"Events - \u010cesk\u00e9 sdru\u017een\u00ed pro biomasu","og_url":"https:\/\/www.czbiom.cz\/en\/kalendar-akci\/","og_site_name":"\u010cesk\u00e9 sdru\u017een\u00ed pro biomasu","article_publisher":"https:\/\/www.facebook.com\/czbiom\/","article_modified_time":"2024-09-19T11:13:43+00:00","og_image":[{"width":2560,"height":1706,"url":"https:\/\/www.czbiom.cz\/wp-content\/uploads\/biogas-plant-scaled.jpg","type":"image\/jpeg"}],"twitter_card":"summary_large_image","twitter_site":"@CZBiom","schema":{"@context":"https:\/\/schema.org","@graph":[{"@type":"WebPage","@id":"https:\/\/www.czbiom.cz\/en\/kalendar-akci\/","url":"https:\/\/www.czbiom.cz\/en\/kalendar-akci\/","name":"Events - \u010cesk\u00e9 sdru\u017een\u00ed pro biomasu","isPartOf":{"@id":"https:\/\/www.czbiom.cz\/en\/#website"},"primaryImageOfPage":{"@id":"https:\/\/www.czbiom.cz\/en\/kalendar-akci\/#primaryimage"},"image":{"@id":"https:\/\/www.czbiom.cz\/kalendar-akci\/#primaryimage"},"thumbnailUrl":"https:\/\/www.czbiom.cz\/wp-content\/uploads\/biogas-plant-scaled.jpg","datePublished":"2021-12-02T19:15:52+00:00","dateModified":"2024-09-19T11:13:43+00:00","breadcrumb":{"@id":"https:\/\/www.czbiom.cz\/en\/kalendar-akci\/#breadcrumb"},"inLanguage":"en-US","potentialAction":[{"@type":"ReadAction","target":[["https:\/\/www.czbiom.cz\/en\/kalendar-akci\/"]]}]},{"@type":"ImageObject","inLanguage":"en-US","@id":"https:\/\/www.czbiom.cz\/en\/kalendar-akci\/#primaryimage","url":"https:\/\/www.czbiom.cz\/wp-content\/uploads\/biogas-plant-scaled.jpg","contentUrl":"https:\/\/www.czbiom.cz\/wp-content\/uploads\/biogas-plant-scaled.jpg","width":2560,"height":1706},{"@type":"BreadcrumbList","@id":"https:\/\/www.czbiom.cz\/en\/kalendar-akci\/#breadcrumb","itemListElement":[{"@type":"ListItem","position":1,"name":"Dom\u016f","item":"https:\/\/www.czbiom.cz\/en\/"},{"@type":"ListItem","position":2,"name":"Kalend\u00e1\u0159 akc\u00ed"}]},{"@type":"WebSite","@id":"https:\/\/www.czbiom.cz\/en\/#website","url":"https:\/\/www.czbiom.cz\/en\/","name":"\u010cesk\u00e9 sdru\u017een\u00ed pro biomasu","description":"","publisher":{"@id":"https:\/\/www.czbiom.cz\/en\/#organization"},"potentialAction":[{"@type":"SearchAction","target":{"@type":"EntryPoint","urlTemplate":"https:\/\/www.czbiom.cz\/en\/?s={search_term_string}"},"query-input":{"@type":"PropertyValueSpecification","valueRequired":true,"valueName":"search_term_string"}}],"inLanguage":"en-US"},{"@type":"Organization","@id":"https:\/\/www.czbiom.cz\/en\/#organization","name":"\u010cesk\u00e9 sdru\u017een\u00ed pro biomasu","url":"https:\/\/www.czbiom.cz\/en\/","logo":{"@type":"ImageObject","inLanguage":"en-US","@id":"https:\/\/www.czbiom.cz\/en\/#\/schema\/logo\/image\/","url":"https:\/\/www.czbiom.cz\/wp-content\/uploads\/logo-fb.png","contentUrl":"https:\/\/www.czbiom.cz\/wp-content\/uploads\/logo-fb.png","width":1200,"height":630,"caption":"\u010cesk\u00e9 sdru\u017een\u00ed pro biomasu"},"image":{"@id":"https:\/\/www.czbiom.cz\/en\/#\/schema\/logo\/image\/"},"sameAs":["https:\/\/www.facebook.com\/czbiom\/","https:\/\/x.com\/CZBiom","https:\/\/www.youtube.com\/@czbiom5277","https:\/\/www.linkedin.com\/company\/asociaceczbiom"]}]}},"_links":{"self":[{"href":"https:\/\/www.czbiom.cz\/en\/wp-json\/wp\/v2\/pages\/94","targetHints":{"allow":["GET"]}}],"collection":[{"href":"https:\/\/www.czbiom.cz\/en\/wp-json\/wp\/v2\/pages"}],"about":[{"href":"https:\/\/www.czbiom.cz\/en\/wp-json\/wp\/v2\/types\/page"}],"author":[{"embeddable":true,"href":"https:\/\/www.czbiom.cz\/en\/wp-json\/wp\/v2\/users\/1"}],"replies":[{"embeddable":true,"href":"https:\/\/www.czbiom.cz\/en\/wp-json\/wp\/v2\/comments?post=94"}],"version-history":[{"count":2,"href":"https:\/\/www.czbiom.cz\/en\/wp-json\/wp\/v2\/pages\/94\/revisions"}],"predecessor-version":[{"id":9250,"href":"https:\/\/www.czbiom.cz\/en\/wp-json\/wp\/v2\/pages\/94\/revisions\/9250"}],"wp:featuredmedia":[{"embeddable":true,"href":"https:\/\/www.czbiom.cz\/en\/wp-json\/wp\/v2\/media\/591"}],"wp:attachment":[{"href":"https:\/\/www.czbiom.cz\/en\/wp-json\/wp\/v2\/media?parent=94"}],"curies":[{"name":"wp","href":"https:\/\/api.w.org\/{rel}","templated":true}]}}