{"id":88,"date":"2021-12-02T20:14:30","date_gmt":"2021-12-02T19:14:30","guid":{"rendered":"http:\/\/www.czbiom.cz\/?page_id=88"},"modified":"2022-01-24T15:18:53","modified_gmt":"2022-01-24T14:18:53","slug":"odber-novinek","status":"publish","type":"page","link":"https:\/\/www.czbiom.cz\/en\/odber-novinek\/","title":{"rendered":"Odb\u011br novinek"},"content":{"rendered":"<p><center><script src=\"https:\/\/se-forms.cz\/\/public\/web-forms-v2\/subscribe\/5000-o0grfphyh5fplyie4wy8rdohe819lrwlgfop1dgcjpr5t7b9shnv0mtasmtmjsyojuvhhlgnjhxa4sp9o7f4hela66c2eb2r3cw9\" id=\"se-webformScriptLoader-5000-o0grfphyh5fplyie4wy8rdohe819lrwlgfop1dgcjpr5t7b9shnv0mtasmtmjsyojuvhhlgnjhxa4sp9o7f4hela66c2eb2r3cw9\" async defer><\/script><\/center><\/p>\n","protected":false},"excerpt":{"rendered":"","protected":false},"author":1,"featured_media":0,"parent":0,"menu_order":34,"comment_status":"closed","ping_status":"closed","template":"page.php","meta":{"_acf_changed":false,"footnotes":""},"class_list":["post-88","page","type-page","status-publish","hentry"],"acf":[],"yoast_head":"<!-- This site is optimized with the Yoast SEO plugin v27.4 - https:\/\/yoast.com\/product\/yoast-seo-wordpress\/ -->\n<title>Odb\u011br novinek - \u010cesk\u00e9 sdru\u017een\u00ed pro biomasu<\/title>\n<meta name=\"robots\" content=\"index, follow, max-snippet:-1, max-image-preview:large, max-video-preview:-1\" \/>\n<link rel=\"canonical\" href=\"https:\/\/www.czbiom.cz\/en\/odber-novinek\/\" \/>\n<meta property=\"og:locale\" content=\"en_US\" \/>\n<meta property=\"og:type\" content=\"article\" \/>\n<meta property=\"og:title\" content=\"Odb\u011br novinek - \u010cesk\u00e9 sdru\u017een\u00ed pro biomasu\" \/>\n<meta property=\"og:url\" content=\"https:\/\/www.czbiom.cz\/en\/odber-novinek\/\" \/>\n<meta property=\"og:site_name\" content=\"\u010cesk\u00e9 sdru\u017een\u00ed pro biomasu\" \/>\n<meta property=\"article:publisher\" content=\"https:\/\/www.facebook.com\/czbiom\/\" \/>\n<meta property=\"article:modified_time\" content=\"2022-01-24T14:18:53+00:00\" \/>\n<meta property=\"og:image\" content=\"https:\/\/www.czbiom.cz\/wp-content\/uploads\/logo-fb.png\" \/>\n\t<meta property=\"og:image:width\" content=\"1200\" \/>\n\t<meta property=\"og:image:height\" content=\"630\" \/>\n\t<meta property=\"og:image:type\" content=\"image\/png\" \/>\n<meta name=\"twitter:card\" content=\"summary_large_image\" \/>\n<meta name=\"twitter:site\" content=\"@CZBiom\" \/>\n<script type=\"application\/ld+json\" class=\"yoast-schema-graph\">{\"@context\":\"https:\\\/\\\/schema.org\",\"@graph\":[{\"@type\":\"WebPage\",\"@id\":\"https:\\\/\\\/www.czbiom.cz\\\/en\\\/odber-novinek\\\/\",\"url\":\"https:\\\/\\\/www.czbiom.cz\\\/en\\\/odber-novinek\\\/\",\"name\":\"Odb\u011br novinek - \u010cesk\u00e9 sdru\u017een\u00ed pro biomasu\",\"isPartOf\":{\"@id\":\"https:\\\/\\\/www.czbiom.cz\\\/en\\\/#website\"},\"datePublished\":\"2021-12-02T19:14:30+00:00\",\"dateModified\":\"2022-01-24T14:18:53+00:00\",\"breadcrumb\":{\"@id\":\"https:\\\/\\\/www.czbiom.cz\\\/en\\\/odber-novinek\\\/#breadcrumb\"},\"inLanguage\":\"en-US\",\"potentialAction\":[{\"@type\":\"ReadAction\",\"target\":[[\"https:\\\/\\\/www.czbiom.cz\\\/en\\\/odber-novinek\\\/\"]]}]},{\"@type\":\"BreadcrumbList\",\"@id\":\"https:\\\/\\\/www.czbiom.cz\\\/en\\\/odber-novinek\\\/#breadcrumb\",\"itemListElement\":[{\"@type\":\"ListItem\",\"position\":1,\"name\":\"Dom\u016f\",\"item\":\"https:\\\/\\\/www.czbiom.cz\\\/en\\\/\"},{\"@type\":\"ListItem\",\"position\":2,\"name\":\"Odb\u011br novinek\"}]},{\"@type\":\"WebSite\",\"@id\":\"https:\\\/\\\/www.czbiom.cz\\\/en\\\/#website\",\"url\":\"https:\\\/\\\/www.czbiom.cz\\\/en\\\/\",\"name\":\"\u010cesk\u00e9 sdru\u017een\u00ed pro biomasu\",\"description\":\"\",\"publisher\":{\"@id\":\"https:\\\/\\\/www.czbiom.cz\\\/en\\\/#organization\"},\"potentialAction\":[{\"@type\":\"SearchAction\",\"target\":{\"@type\":\"EntryPoint\",\"urlTemplate\":\"https:\\\/\\\/www.czbiom.cz\\\/en\\\/?s={search_term_string}\"},\"query-input\":{\"@type\":\"PropertyValueSpecification\",\"valueRequired\":true,\"valueName\":\"search_term_string\"}}],\"inLanguage\":\"en-US\"},{\"@type\":\"Organization\",\"@id\":\"https:\\\/\\\/www.czbiom.cz\\\/en\\\/#organization\",\"name\":\"\u010cesk\u00e9 sdru\u017een\u00ed pro biomasu\",\"url\":\"https:\\\/\\\/www.czbiom.cz\\\/en\\\/\",\"logo\":{\"@type\":\"ImageObject\",\"inLanguage\":\"en-US\",\"@id\":\"https:\\\/\\\/www.czbiom.cz\\\/en\\\/#\\\/schema\\\/logo\\\/image\\\/\",\"url\":\"https:\\\/\\\/www.czbiom.cz\\\/wp-content\\\/uploads\\\/logo-fb.png\",\"contentUrl\":\"https:\\\/\\\/www.czbiom.cz\\\/wp-content\\\/uploads\\\/logo-fb.png\",\"width\":1200,\"height\":630,\"caption\":\"\u010cesk\u00e9 sdru\u017een\u00ed pro biomasu\"},\"image\":{\"@id\":\"https:\\\/\\\/www.czbiom.cz\\\/en\\\/#\\\/schema\\\/logo\\\/image\\\/\"},\"sameAs\":[\"https:\\\/\\\/www.facebook.com\\\/czbiom\\\/\",\"https:\\\/\\\/x.com\\\/CZBiom\",\"https:\\\/\\\/www.youtube.com\\\/@czbiom5277\",\"https:\\\/\\\/www.linkedin.com\\\/company\\\/asociaceczbiom\"]}]}<\/script>\n<!-- \/ Yoast SEO plugin. -->","yoast_head_json":{"title":"Odb\u011br novinek - \u010cesk\u00e9 sdru\u017een\u00ed pro biomasu","robots":{"index":"index","follow":"follow","max-snippet":"max-snippet:-1","max-image-preview":"max-image-preview:large","max-video-preview":"max-video-preview:-1"},"canonical":"https:\/\/www.czbiom.cz\/en\/odber-novinek\/","og_locale":"en_US","og_type":"article","og_title":"Odb\u011br novinek - \u010cesk\u00e9 sdru\u017een\u00ed pro biomasu","og_url":"https:\/\/www.czbiom.cz\/en\/odber-novinek\/","og_site_name":"\u010cesk\u00e9 sdru\u017een\u00ed pro biomasu","article_publisher":"https:\/\/www.facebook.com\/czbiom\/","article_modified_time":"2022-01-24T14:18:53+00:00","og_image":[{"width":1200,"height":630,"url":"https:\/\/www.czbiom.cz\/wp-content\/uploads\/logo-fb.png","type":"image\/png"}],"twitter_card":"summary_large_image","twitter_site":"@CZBiom","schema":{"@context":"https:\/\/schema.org","@graph":[{"@type":"WebPage","@id":"https:\/\/www.czbiom.cz\/en\/odber-novinek\/","url":"https:\/\/www.czbiom.cz\/en\/odber-novinek\/","name":"Odb\u011br novinek - \u010cesk\u00e9 sdru\u017een\u00ed pro biomasu","isPartOf":{"@id":"https:\/\/www.czbiom.cz\/en\/#website"},"datePublished":"2021-12-02T19:14:30+00:00","dateModified":"2022-01-24T14:18:53+00:00","breadcrumb":{"@id":"https:\/\/www.czbiom.cz\/en\/odber-novinek\/#breadcrumb"},"inLanguage":"en-US","potentialAction":[{"@type":"ReadAction","target":[["https:\/\/www.czbiom.cz\/en\/odber-novinek\/"]]}]},{"@type":"BreadcrumbList","@id":"https:\/\/www.czbiom.cz\/en\/odber-novinek\/#breadcrumb","itemListElement":[{"@type":"ListItem","position":1,"name":"Dom\u016f","item":"https:\/\/www.czbiom.cz\/en\/"},{"@type":"ListItem","position":2,"name":"Odb\u011br novinek"}]},{"@type":"WebSite","@id":"https:\/\/www.czbiom.cz\/en\/#website","url":"https:\/\/www.czbiom.cz\/en\/","name":"\u010cesk\u00e9 sdru\u017een\u00ed pro biomasu","description":"","publisher":{"@id":"https:\/\/www.czbiom.cz\/en\/#organization"},"potentialAction":[{"@type":"SearchAction","target":{"@type":"EntryPoint","urlTemplate":"https:\/\/www.czbiom.cz\/en\/?s={search_term_string}"},"query-input":{"@type":"PropertyValueSpecification","valueRequired":true,"valueName":"search_term_string"}}],"inLanguage":"en-US"},{"@type":"Organization","@id":"https:\/\/www.czbiom.cz\/en\/#organization","name":"\u010cesk\u00e9 sdru\u017een\u00ed pro biomasu","url":"https:\/\/www.czbiom.cz\/en\/","logo":{"@type":"ImageObject","inLanguage":"en-US","@id":"https:\/\/www.czbiom.cz\/en\/#\/schema\/logo\/image\/","url":"https:\/\/www.czbiom.cz\/wp-content\/uploads\/logo-fb.png","contentUrl":"https:\/\/www.czbiom.cz\/wp-content\/uploads\/logo-fb.png","width":1200,"height":630,"caption":"\u010cesk\u00e9 sdru\u017een\u00ed pro biomasu"},"image":{"@id":"https:\/\/www.czbiom.cz\/en\/#\/schema\/logo\/image\/"},"sameAs":["https:\/\/www.facebook.com\/czbiom\/","https:\/\/x.com\/CZBiom","https:\/\/www.youtube.com\/@czbiom5277","https:\/\/www.linkedin.com\/company\/asociaceczbiom"]}]}},"_links":{"self":[{"href":"https:\/\/www.czbiom.cz\/en\/wp-json\/wp\/v2\/pages\/88","targetHints":{"allow":["GET"]}}],"collection":[{"href":"https:\/\/www.czbiom.cz\/en\/wp-json\/wp\/v2\/pages"}],"about":[{"href":"https:\/\/www.czbiom.cz\/en\/wp-json\/wp\/v2\/types\/page"}],"author":[{"embeddable":true,"href":"https:\/\/www.czbiom.cz\/en\/wp-json\/wp\/v2\/users\/1"}],"replies":[{"embeddable":true,"href":"https:\/\/www.czbiom.cz\/en\/wp-json\/wp\/v2\/comments?post=88"}],"version-history":[{"count":5,"href":"https:\/\/www.czbiom.cz\/en\/wp-json\/wp\/v2\/pages\/88\/revisions"}],"predecessor-version":[{"id":428,"href":"https:\/\/www.czbiom.cz\/en\/wp-json\/wp\/v2\/pages\/88\/revisions\/428"}],"wp:attachment":[{"href":"https:\/\/www.czbiom.cz\/en\/wp-json\/wp\/v2\/media?parent=88"}],"curies":[{"name":"wp","href":"https:\/\/api.w.org\/{rel}","templated":true}]}}