{"id":646,"date":"2022-03-16T18:30:59","date_gmt":"2022-03-16T17:30:59","guid":{"rendered":"https:\/\/www.czbiom.cz\/?page_id=646"},"modified":"2022-03-17T17:42:50","modified_gmt":"2022-03-17T16:42:50","slug":"dotace-mze","status":"publish","type":"page","link":"https:\/\/www.czbiom.cz\/en\/dotace-mze\/","title":{"rendered":"Dotace Ministerstva zem\u011bd\u011blstv\u00ed"},"content":{"rendered":"<p><strong>Projekt podpo\u0159en\u00fd Ministerstvem zem\u011bd\u011blstv\u00ed (Podpora nest\u00e1tn\u00edch neziskov\u00fdch organizac\u00ed):<\/strong><\/p>\n<h2>Podpora a propagace udr\u017eiteln\u00e9ho vyu\u017e\u00edv\u00e1n\u00ed biomasy pro v\u00fdrobu energie v \u010cesk\u00e9 republice\u00a0<\/h2>\n<p><strong>V\u00fdznam vyu\u017eit\u00ed biomasy pro energetick\u00e9 \u00fa\u010dely se neust\u00e1le zvy\u0161uje a t\u00edm tak\u00e9 nar\u016fst\u00e1 pot\u0159eba zv\u00fd\u0161en\u00ed potenci\u00e1lu biomasy v\u00a0jej\u00ed c\u00edlen\u011b p\u011bstovan\u00e9 form\u011b. St\u00e1le v\u011bt\u0161\u00ed z\u00e1jem o p\u011bstov\u00e1n\u00ed energetick\u00e9 biomasy vy\u017eaduje pot\u0159ebu \u0161\u00ed\u0159it relevantn\u00ed v\u011bdomosti, p\u0159\u00edklady spr\u00e1vn\u00e9 praxe a informovanost o zp\u016fsobech jej\u00edho p\u011bstov\u00e1n\u00ed, z\u00edsk\u00e1v\u00e1n\u00ed, zpracov\u00e1n\u00ed, \u00fapravy a energetick\u00e9ho vyu\u017eit\u00ed.<\/strong><\/p>\n<p>Projekt Podpory a propagace udr\u017eiteln\u00e9ho vyu\u017e\u00edv\u00e1n\u00ed biomasy pro v\u00fdrobu energie v\u00a0\u010cesk\u00e9 republice navazuje na dlouhodob\u00e9 aktivity spolku, kter\u00e9 v t\u00e9to oblasti osv\u011btov\u011b p\u016fsob\u00ed ji\u017e od roku 1994. K\u00a0t\u011bmto aktivit\u00e1m vyu\u017e\u00edv\u00e1 CZ Biom celou \u0159adu komunika\u010dn\u00edch kan\u00e1l\u016f, kter\u00e9 si za dobu sv\u00e9 existence vybudoval. Je j\u00edm p\u0159edev\u0161\u00edm informa\u010dn\u00ed port\u00e1l biom.cz, d\u00e1le cel\u00e1 \u0159ada projektov\u00fdch webov\u00fdch str\u00e1nek, na kter\u00fdch se spolek pod\u00edl\u00ed, pravideln\u011b vych\u00e1zej\u00edc\u00ed \u010dasopis Biom, \u0159ada publikac\u00ed a informa\u010dn\u00edch materi\u00e1l\u016f, \u00fa\u010dast na veletrz\u00edch a v\u00a0neposledn\u00ed \u0159ad\u011b i organizace semin\u00e1\u0159\u016f a konferenc\u00ed jak pro ve\u0159ejnost tak odborn\u00edky.<\/p>\n<p>&nbsp;<\/p>\n<p><strong>Zah\u00e1jen\u00ed projektu:<\/strong> 1. 1.<\/p>\n<p><strong>Pl\u00e1novan\u00e9 ukon\u010den\u00ed projektu:<\/strong> 31. 12.<\/p>\n<p><strong>Mana\u017eer projektu:<\/strong> Ing. Jan Habart, Ph.D.<\/p>\n<p>&nbsp;<\/p>\n<h3><strong>C\u00edle projektu:<\/strong><\/h3>\n<ul>\n<li>Pokra\u010dovat v\u00a0systematick\u00e9m zaji\u0161\u0165ov\u00e1n\u00ed a p\u0159enosu odborn\u00fdch informac\u00ed o v\u00fdznamu vyu\u017e\u00edv\u00e1n\u00ed energetick\u00e9 biomasy v\u00a0souladu s\u00a0legislativou a strategi\u00ed EU a ve spolupr\u00e1ci s\u00a0ostatn\u00edmi zem\u011bd\u011blsk\u00fdmi svazy a sdru\u017een\u00edmi;<\/li>\n<li>P\u0159in\u00e1\u0161et \u010desk\u00fdm zem\u011bd\u011blc\u016fm, odborn\u00e9 i laick\u00e9 ve\u0159ejnosti aktu\u00e1ln\u00ed informace a p\u0159\u00edklady spr\u00e1vn\u00e9 praxe v\u00a0oblasti fytoenergetiky, vyu\u017e\u00edv\u00e1n\u00ed bioplynu, biopaliv v\u00a0doprav\u011b a v dal\u0161\u00edch souvisej\u00edc\u00edch oblastech;<\/li>\n<li>Vytvo\u0159it podm\u00ednky a pov\u011bdom\u00ed pro vy\u0161\u0161\u00ed zapojen\u00ed neerozn\u00edch plodin v\u00a0zem\u011bd\u011blsk\u00e9 prvov\u00fdrob\u011b, a to zejm\u00e9na pro energetick\u00e9 vyu\u017eit\u00ed;<\/li>\n<li>Vytv\u00e1\u0159et podm\u00ednky pro stabilizaci a rozvoj trhu s\u00a0biomasou v\u00a0\u010cesk\u00e9 republice;<\/li>\n<li>Zlep\u0161it \u017eivotn\u00edho prost\u0159ed\u00ed, p\u0159edev\u0161\u00edm pak ochranu ovzdu\u0161\u00ed a klimatu jak na venkov\u011b, tak ve m\u011bstech;<\/li>\n<li>P\u0159isp\u011bt ke spln\u011bn\u00ed evropsk\u00fdch z\u00e1vazk\u016f \u010cR v\u00a0oblasti vyu\u017e\u00edv\u00e1n\u00ed obnoviteln\u00fdch zdroj\u016f energie.<\/li>\n<\/ul>\n<p>&nbsp;<\/p>\n<h3><strong>P\u0159\u00ednosy:<\/strong><\/h3>\n<p><strong>H<\/strong><strong>lavn\u00edm p\u0159\u00ednosem projektu bude zv\u00fd\u0161en\u00ed informovanosti zem\u011bd\u011blsk\u00e9 ve\u0159ejnosti a obyvatel venkova o\u00a0mo\u017enostech vyu\u017eit\u00ed biomasy a biopaliv prost\u0159ednictv\u00edm n\u00e1sleduj\u00edc\u00edch aktivit:<\/strong><\/p>\n<ul>\n<li>poskytov\u00e1n\u00ed odborn\u00fdch informac\u00ed o zdroj\u00edch a o vyu\u017e\u00edv\u00e1n\u00ed biomasy pro energetick\u00e9 \u00fa\u010dely a dopravu v\u010detn\u011b aktu\u00e1ln\u00edch cen biomasy na trhu<\/li>\n<li>udr\u017eov\u00e1n\u00ed a roz\u0161i\u0159ov\u00e1n\u00ed informac\u00ed na internetov\u00fdch str\u00e1nk\u00e1ch CZ Biom<\/li>\n<li>organizace semin\u00e1\u0159\u016f a konferenc\u00ed po\u0159\u00e1dan\u00fdch CZ Biom<\/li>\n<li>zaji\u0161t\u011bn\u00ed p\u0159edn\u00e1\u0161ek na semin\u00e1\u0159\u00edch po\u0159\u00e1dan\u00fdch jin\u00fdmi organizacemi<\/li>\n<li>publikace v\u00a0\u010dasopisech, v\u00a0denn\u00edm tisku, v\u00a0rozhlase a TV<\/li>\n<li>zaji\u0161t\u011bn\u00ed tisku vlastn\u00edho \u010dasopisu Biom a jeho distribuce<\/li>\n<\/ul>\n<p>&nbsp;<\/p>\n<p><strong>P\u0159\u00ednos projektu z\u00a0hlediska ochrany \u017eivotn\u00edho prost\u0159ed\u00ed, ochrany klimatu a udr\u017eiteln\u00e9ho rozvoje je n\u00e1sleduj\u00edc\u00ed:<\/strong><\/p>\n<ul>\n<li>Sn\u00ed\u017een\u00ed negativn\u00edch vliv\u016f pou\u017eit\u00ed fosiln\u00edch paliv jak v\u00a0energetice, tak v\u00a0doprav\u011b<\/li>\n<li>Sn\u00ed\u017een\u00ed emis\u00ed \u0161kodlivin a sklen\u00edkov\u00fdch plyn\u016f ve venkovsk\u00fdch i m\u011bstsk\u00fdch s\u00eddlech<\/li>\n<li>N\u00e1hrada neobnoviteln\u00e9ho zdroje energie obnoviteln\u00fdch, zv\u00fd\u0161en\u00ed sob\u011bsta\u010dnosti \u010cR v\u00a0oblasti paliv a zv\u00fd\u0161en\u00ed zam\u011bstnanosti p\u0159edev\u0161\u00edm na venkov\u011b, kde biomasa vznik\u00e1<\/li>\n<li>Zaji\u0161t\u011bn\u00ed energetick\u00e9 sob\u011bsta\u010dnosti venkova<\/li>\n<li>Zv\u00fd\u0161en\u00ed pod\u00edlu neerozn\u00edch plodin<\/li>\n<\/ul>\n<p>&nbsp;<\/p>\n<p><img loading=\"lazy\" decoding=\"async\" class=\"alignnone size-medium wp-image-647\" src=\"https:\/\/www.czbiom.cz\/wp-content\/uploads\/CMYK4-300x170.jpg\" alt=\"\" width=\"300\" height=\"170\" srcset=\"https:\/\/www.czbiom.cz\/wp-content\/uploads\/CMYK4-300x170.jpg 300w, https:\/\/www.czbiom.cz\/wp-content\/uploads\/CMYK4-1024x582.jpg 1024w, https:\/\/www.czbiom.cz\/wp-content\/uploads\/CMYK4-768x436.jpg 768w, https:\/\/www.czbiom.cz\/wp-content\/uploads\/CMYK4-1536x873.jpg 1536w, https:\/\/www.czbiom.cz\/wp-content\/uploads\/CMYK4-2048x1164.jpg 2048w\" sizes=\"auto, (max-width: 300px) 100vw, 300px\" \/><\/p>\n","protected":false},"excerpt":{"rendered":"<p>Projekt podpo\u0159en\u00fd Ministerstvem zem\u011bd\u011blstv\u00ed (Podpora nest\u00e1tn\u00edch neziskov\u00fdch organizac\u00ed): Podpora a propagace udr\u017eiteln\u00e9ho vyu\u017e\u00edv\u00e1n\u00ed biomasy pro v\u00fdrobu energie v \u010cesk\u00e9 republice\u00a0 V\u00fdznam vyu\u017eit\u00ed biomasy pro energetick\u00e9 \u00fa\u010dely se neust\u00e1le zvy\u0161uje a t\u00edm tak\u00e9 nar\u016fst\u00e1 pot\u0159eba zv\u00fd\u0161en\u00ed potenci\u00e1lu biomasy v\u00a0jej\u00ed c\u00edlen\u011b p\u011bstovan\u00e9 form\u011b. St\u00e1le v\u011bt\u0161\u00ed z\u00e1jem o p\u011bstov\u00e1n\u00ed energetick\u00e9 biomasy vy\u017eaduje pot\u0159ebu \u0161\u00ed\u0159it relevantn\u00ed v\u011bdomosti, p\u0159\u00edklady spr\u00e1vn\u00e9 [&hellip;]<\/p>\n","protected":false},"author":4,"featured_media":389,"parent":0,"menu_order":21,"comment_status":"closed","ping_status":"closed","template":"","meta":{"_acf_changed":false,"footnotes":""},"class_list":["post-646","page","type-page","status-publish","has-post-thumbnail","hentry"],"acf":[],"yoast_head":"<!-- This site is optimized with the Yoast SEO plugin v27.4 - https:\/\/yoast.com\/product\/yoast-seo-wordpress\/ -->\n<title>Dotace Ministerstva zem\u011bd\u011blstv\u00ed - \u010cesk\u00e9 sdru\u017een\u00ed pro biomasu<\/title>\n<meta name=\"robots\" content=\"index, follow, max-snippet:-1, max-image-preview:large, max-video-preview:-1\" \/>\n<link rel=\"canonical\" href=\"https:\/\/www.czbiom.cz\/en\/dotace-mze\/\" \/>\n<meta property=\"og:locale\" content=\"en_US\" \/>\n<meta property=\"og:type\" content=\"article\" \/>\n<meta property=\"og:title\" content=\"Dotace Ministerstva zem\u011bd\u011blstv\u00ed - \u010cesk\u00e9 sdru\u017een\u00ed pro biomasu\" \/>\n<meta property=\"og:description\" content=\"Projekt podpo\u0159en\u00fd Ministerstvem zem\u011bd\u011blstv\u00ed (Podpora nest\u00e1tn\u00edch neziskov\u00fdch organizac\u00ed): Podpora a propagace udr\u017eiteln\u00e9ho vyu\u017e\u00edv\u00e1n\u00ed biomasy pro v\u00fdrobu energie v \u010cesk\u00e9 republice\u00a0 V\u00fdznam vyu\u017eit\u00ed biomasy pro energetick\u00e9 \u00fa\u010dely se neust\u00e1le zvy\u0161uje a t\u00edm tak\u00e9 nar\u016fst\u00e1 pot\u0159eba zv\u00fd\u0161en\u00ed potenci\u00e1lu biomasy v\u00a0jej\u00ed c\u00edlen\u011b p\u011bstovan\u00e9 form\u011b. St\u00e1le v\u011bt\u0161\u00ed z\u00e1jem o p\u011bstov\u00e1n\u00ed energetick\u00e9 biomasy vy\u017eaduje pot\u0159ebu \u0161\u00ed\u0159it relevantn\u00ed v\u011bdomosti, p\u0159\u00edklady spr\u00e1vn\u00e9 [&hellip;]\" \/>\n<meta property=\"og:url\" content=\"https:\/\/www.czbiom.cz\/en\/dotace-mze\/\" \/>\n<meta property=\"og:site_name\" content=\"\u010cesk\u00e9 sdru\u017een\u00ed pro biomasu\" \/>\n<meta property=\"article:publisher\" content=\"https:\/\/www.facebook.com\/czbiom\/\" \/>\n<meta property=\"article:modified_time\" content=\"2022-03-17T16:42:50+00:00\" \/>\n<meta property=\"og:image\" content=\"https:\/\/www.czbiom.cz\/wp-content\/uploads\/Federico-Respini@Unsplash.com_-scaled.jpg\" \/>\n\t<meta property=\"og:image:width\" content=\"2560\" \/>\n\t<meta property=\"og:image:height\" content=\"1440\" \/>\n\t<meta property=\"og:image:type\" content=\"image\/jpeg\" \/>\n<meta name=\"twitter:card\" content=\"summary_large_image\" \/>\n<meta name=\"twitter:site\" content=\"@CZBiom\" \/>\n<meta name=\"twitter:label1\" content=\"Est. reading time\" \/>\n\t<meta name=\"twitter:data1\" content=\"3 minutes\" \/>\n<script type=\"application\/ld+json\" class=\"yoast-schema-graph\">{\"@context\":\"https:\\\/\\\/schema.org\",\"@graph\":[{\"@type\":\"WebPage\",\"@id\":\"https:\\\/\\\/www.czbiom.cz\\\/en\\\/dotace-mze\\\/\",\"url\":\"https:\\\/\\\/www.czbiom.cz\\\/en\\\/dotace-mze\\\/\",\"name\":\"Dotace Ministerstva zem\u011bd\u011blstv\u00ed - \u010cesk\u00e9 sdru\u017een\u00ed pro biomasu\",\"isPartOf\":{\"@id\":\"https:\\\/\\\/www.czbiom.cz\\\/en\\\/#website\"},\"primaryImageOfPage\":{\"@id\":\"https:\\\/\\\/www.czbiom.cz\\\/en\\\/dotace-mze\\\/#primaryimage\"},\"image\":{\"@id\":\"https:\\\/\\\/www.czbiom.cz\\\/dotace-mze\\\/#primaryimage\"},\"thumbnailUrl\":\"https:\\\/\\\/www.czbiom.cz\\\/wp-content\\\/uploads\\\/Federico-Respini@Unsplash.com_-scaled.jpg\",\"datePublished\":\"2022-03-16T17:30:59+00:00\",\"dateModified\":\"2022-03-17T16:42:50+00:00\",\"breadcrumb\":{\"@id\":\"https:\\\/\\\/www.czbiom.cz\\\/en\\\/dotace-mze\\\/#breadcrumb\"},\"inLanguage\":\"en-US\",\"potentialAction\":[{\"@type\":\"ReadAction\",\"target\":[[\"https:\\\/\\\/www.czbiom.cz\\\/en\\\/dotace-mze\\\/\"]]}]},{\"@type\":\"ImageObject\",\"inLanguage\":\"en-US\",\"@id\":\"https:\\\/\\\/www.czbiom.cz\\\/en\\\/dotace-mze\\\/#primaryimage\",\"url\":\"https:\\\/\\\/www.czbiom.cz\\\/wp-content\\\/uploads\\\/Federico-Respini@Unsplash.com_-scaled.jpg\",\"contentUrl\":\"https:\\\/\\\/www.czbiom.cz\\\/wp-content\\\/uploads\\\/Federico-Respini@Unsplash.com_-scaled.jpg\",\"width\":2560,\"height\":1440},{\"@type\":\"BreadcrumbList\",\"@id\":\"https:\\\/\\\/www.czbiom.cz\\\/en\\\/dotace-mze\\\/#breadcrumb\",\"itemListElement\":[{\"@type\":\"ListItem\",\"position\":1,\"name\":\"Dom\u016f\",\"item\":\"https:\\\/\\\/www.czbiom.cz\\\/en\\\/\"},{\"@type\":\"ListItem\",\"position\":2,\"name\":\"Dotace Ministerstva zem\u011bd\u011blstv\u00ed\"}]},{\"@type\":\"WebSite\",\"@id\":\"https:\\\/\\\/www.czbiom.cz\\\/en\\\/#website\",\"url\":\"https:\\\/\\\/www.czbiom.cz\\\/en\\\/\",\"name\":\"\u010cesk\u00e9 sdru\u017een\u00ed pro biomasu\",\"description\":\"\",\"publisher\":{\"@id\":\"https:\\\/\\\/www.czbiom.cz\\\/en\\\/#organization\"},\"potentialAction\":[{\"@type\":\"SearchAction\",\"target\":{\"@type\":\"EntryPoint\",\"urlTemplate\":\"https:\\\/\\\/www.czbiom.cz\\\/en\\\/?s={search_term_string}\"},\"query-input\":{\"@type\":\"PropertyValueSpecification\",\"valueRequired\":true,\"valueName\":\"search_term_string\"}}],\"inLanguage\":\"en-US\"},{\"@type\":\"Organization\",\"@id\":\"https:\\\/\\\/www.czbiom.cz\\\/en\\\/#organization\",\"name\":\"\u010cesk\u00e9 sdru\u017een\u00ed pro biomasu\",\"url\":\"https:\\\/\\\/www.czbiom.cz\\\/en\\\/\",\"logo\":{\"@type\":\"ImageObject\",\"inLanguage\":\"en-US\",\"@id\":\"https:\\\/\\\/www.czbiom.cz\\\/en\\\/#\\\/schema\\\/logo\\\/image\\\/\",\"url\":\"https:\\\/\\\/www.czbiom.cz\\\/wp-content\\\/uploads\\\/logo-fb.png\",\"contentUrl\":\"https:\\\/\\\/www.czbiom.cz\\\/wp-content\\\/uploads\\\/logo-fb.png\",\"width\":1200,\"height\":630,\"caption\":\"\u010cesk\u00e9 sdru\u017een\u00ed pro biomasu\"},\"image\":{\"@id\":\"https:\\\/\\\/www.czbiom.cz\\\/en\\\/#\\\/schema\\\/logo\\\/image\\\/\"},\"sameAs\":[\"https:\\\/\\\/www.facebook.com\\\/czbiom\\\/\",\"https:\\\/\\\/x.com\\\/CZBiom\",\"https:\\\/\\\/www.youtube.com\\\/@czbiom5277\",\"https:\\\/\\\/www.linkedin.com\\\/company\\\/asociaceczbiom\"]}]}<\/script>\n<!-- \/ Yoast SEO plugin. -->","yoast_head_json":{"title":"Dotace Ministerstva zem\u011bd\u011blstv\u00ed - \u010cesk\u00e9 sdru\u017een\u00ed pro biomasu","robots":{"index":"index","follow":"follow","max-snippet":"max-snippet:-1","max-image-preview":"max-image-preview:large","max-video-preview":"max-video-preview:-1"},"canonical":"https:\/\/www.czbiom.cz\/en\/dotace-mze\/","og_locale":"en_US","og_type":"article","og_title":"Dotace Ministerstva zem\u011bd\u011blstv\u00ed - \u010cesk\u00e9 sdru\u017een\u00ed pro biomasu","og_description":"Projekt podpo\u0159en\u00fd Ministerstvem zem\u011bd\u011blstv\u00ed (Podpora nest\u00e1tn\u00edch neziskov\u00fdch organizac\u00ed): Podpora a propagace udr\u017eiteln\u00e9ho vyu\u017e\u00edv\u00e1n\u00ed biomasy pro v\u00fdrobu energie v \u010cesk\u00e9 republice\u00a0 V\u00fdznam vyu\u017eit\u00ed biomasy pro energetick\u00e9 \u00fa\u010dely se neust\u00e1le zvy\u0161uje a t\u00edm tak\u00e9 nar\u016fst\u00e1 pot\u0159eba zv\u00fd\u0161en\u00ed potenci\u00e1lu biomasy v\u00a0jej\u00ed c\u00edlen\u011b p\u011bstovan\u00e9 form\u011b. St\u00e1le v\u011bt\u0161\u00ed z\u00e1jem o p\u011bstov\u00e1n\u00ed energetick\u00e9 biomasy vy\u017eaduje pot\u0159ebu \u0161\u00ed\u0159it relevantn\u00ed v\u011bdomosti, p\u0159\u00edklady spr\u00e1vn\u00e9 [&hellip;]","og_url":"https:\/\/www.czbiom.cz\/en\/dotace-mze\/","og_site_name":"\u010cesk\u00e9 sdru\u017een\u00ed pro biomasu","article_publisher":"https:\/\/www.facebook.com\/czbiom\/","article_modified_time":"2022-03-17T16:42:50+00:00","og_image":[{"width":2560,"height":1440,"url":"https:\/\/www.czbiom.cz\/wp-content\/uploads\/Federico-Respini@Unsplash.com_-scaled.jpg","type":"image\/jpeg"}],"twitter_card":"summary_large_image","twitter_site":"@CZBiom","twitter_misc":{"Est. reading time":"3 minutes"},"schema":{"@context":"https:\/\/schema.org","@graph":[{"@type":"WebPage","@id":"https:\/\/www.czbiom.cz\/en\/dotace-mze\/","url":"https:\/\/www.czbiom.cz\/en\/dotace-mze\/","name":"Dotace Ministerstva zem\u011bd\u011blstv\u00ed - \u010cesk\u00e9 sdru\u017een\u00ed pro biomasu","isPartOf":{"@id":"https:\/\/www.czbiom.cz\/en\/#website"},"primaryImageOfPage":{"@id":"https:\/\/www.czbiom.cz\/en\/dotace-mze\/#primaryimage"},"image":{"@id":"https:\/\/www.czbiom.cz\/dotace-mze\/#primaryimage"},"thumbnailUrl":"https:\/\/www.czbiom.cz\/wp-content\/uploads\/Federico-Respini@Unsplash.com_-scaled.jpg","datePublished":"2022-03-16T17:30:59+00:00","dateModified":"2022-03-17T16:42:50+00:00","breadcrumb":{"@id":"https:\/\/www.czbiom.cz\/en\/dotace-mze\/#breadcrumb"},"inLanguage":"en-US","potentialAction":[{"@type":"ReadAction","target":[["https:\/\/www.czbiom.cz\/en\/dotace-mze\/"]]}]},{"@type":"ImageObject","inLanguage":"en-US","@id":"https:\/\/www.czbiom.cz\/en\/dotace-mze\/#primaryimage","url":"https:\/\/www.czbiom.cz\/wp-content\/uploads\/Federico-Respini@Unsplash.com_-scaled.jpg","contentUrl":"https:\/\/www.czbiom.cz\/wp-content\/uploads\/Federico-Respini@Unsplash.com_-scaled.jpg","width":2560,"height":1440},{"@type":"BreadcrumbList","@id":"https:\/\/www.czbiom.cz\/en\/dotace-mze\/#breadcrumb","itemListElement":[{"@type":"ListItem","position":1,"name":"Dom\u016f","item":"https:\/\/www.czbiom.cz\/en\/"},{"@type":"ListItem","position":2,"name":"Dotace Ministerstva zem\u011bd\u011blstv\u00ed"}]},{"@type":"WebSite","@id":"https:\/\/www.czbiom.cz\/en\/#website","url":"https:\/\/www.czbiom.cz\/en\/","name":"\u010cesk\u00e9 sdru\u017een\u00ed pro biomasu","description":"","publisher":{"@id":"https:\/\/www.czbiom.cz\/en\/#organization"},"potentialAction":[{"@type":"SearchAction","target":{"@type":"EntryPoint","urlTemplate":"https:\/\/www.czbiom.cz\/en\/?s={search_term_string}"},"query-input":{"@type":"PropertyValueSpecification","valueRequired":true,"valueName":"search_term_string"}}],"inLanguage":"en-US"},{"@type":"Organization","@id":"https:\/\/www.czbiom.cz\/en\/#organization","name":"\u010cesk\u00e9 sdru\u017een\u00ed pro biomasu","url":"https:\/\/www.czbiom.cz\/en\/","logo":{"@type":"ImageObject","inLanguage":"en-US","@id":"https:\/\/www.czbiom.cz\/en\/#\/schema\/logo\/image\/","url":"https:\/\/www.czbiom.cz\/wp-content\/uploads\/logo-fb.png","contentUrl":"https:\/\/www.czbiom.cz\/wp-content\/uploads\/logo-fb.png","width":1200,"height":630,"caption":"\u010cesk\u00e9 sdru\u017een\u00ed pro biomasu"},"image":{"@id":"https:\/\/www.czbiom.cz\/en\/#\/schema\/logo\/image\/"},"sameAs":["https:\/\/www.facebook.com\/czbiom\/","https:\/\/x.com\/CZBiom","https:\/\/www.youtube.com\/@czbiom5277","https:\/\/www.linkedin.com\/company\/asociaceczbiom"]}]}},"_links":{"self":[{"href":"https:\/\/www.czbiom.cz\/en\/wp-json\/wp\/v2\/pages\/646","targetHints":{"allow":["GET"]}}],"collection":[{"href":"https:\/\/www.czbiom.cz\/en\/wp-json\/wp\/v2\/pages"}],"about":[{"href":"https:\/\/www.czbiom.cz\/en\/wp-json\/wp\/v2\/types\/page"}],"author":[{"embeddable":true,"href":"https:\/\/www.czbiom.cz\/en\/wp-json\/wp\/v2\/users\/4"}],"replies":[{"embeddable":true,"href":"https:\/\/www.czbiom.cz\/en\/wp-json\/wp\/v2\/comments?post=646"}],"version-history":[{"count":6,"href":"https:\/\/www.czbiom.cz\/en\/wp-json\/wp\/v2\/pages\/646\/revisions"}],"predecessor-version":[{"id":670,"href":"https:\/\/www.czbiom.cz\/en\/wp-json\/wp\/v2\/pages\/646\/revisions\/670"}],"wp:featuredmedia":[{"embeddable":true,"href":"https:\/\/www.czbiom.cz\/en\/wp-json\/wp\/v2\/media\/389"}],"wp:attachment":[{"href":"https:\/\/www.czbiom.cz\/en\/wp-json\/wp\/v2\/media?parent=646"}],"curies":[{"name":"wp","href":"https:\/\/api.w.org\/{rel}","templated":true}]}}