{"id":567,"date":"2022-03-07T15:48:59","date_gmt":"2022-03-07T14:48:59","guid":{"rendered":"https:\/\/www.czbiom.cz\/?page_id=567"},"modified":"2024-02-23T15:50:33","modified_gmt":"2024-02-23T14:50:33","slug":"udrzitelnost","status":"publish","type":"page","link":"https:\/\/www.czbiom.cz\/en\/udrzitelnost\/","title":{"rendered":"Krit\u00e9ria udr\u017eitelnosti"},"content":{"rendered":"<h2><b>Povinnost pln\u011bn\u00ed krit\u00e9ri\u00ed udr\u017eitelnosti<\/b><\/h2>\n<p><span style=\"font-weight: 400;\">Podle\u00a0<\/span><a href=\"https:\/\/eur-lex.europa.eu\/legal-content\/CS\/TXT\/?uri=CELEX:32018L2001#d1e3651-82-1\"><span style=\"font-weight: 400;\">evropsk\u00e9 sm\u011brnice na podporu vyu\u017e\u00edv\u00e1n\u00ed energie z obnoviteln\u00fdch zdroj\u016f<\/span><\/a><span style=\"font-weight: 400;\"> mus\u00ed velc\u00ed dodavatel\u00e9 elekt\u0159iny a tepla z pevn\u00e9 biomasy a bioplynu a jejich dodavatel\u00e9 prokazovat udr\u017eiteln\u00fd p\u016fvod biomasy.\u00a0 Za\u0159\u00edzen\u00ed zprovozn\u011bn\u00e1 v roce 2021 a pozd\u011bji mus\u00ed tak\u00e9 dos\u00e1hnout minim\u00e1ln\u00ed <\/span>\u00faspory emis\u00ed sklen\u00edkov\u00fdch ply<span style=\"font-weight: 400;\">n\u016f bioenergie ve srovn\u00e1n\u00ed s fosiln\u00edmi palivy.<\/span><\/p>\n<p><span style=\"font-weight: 400;\">Bioplynov\u00e9 stanice s p\u0159\u00edkonem nejm\u00e9n\u011b 2 MW a tepl\u00e1rny s p\u0159\u00edkonem nejm\u00e9n\u011b 20 MW tak jsou povinny <\/span><b>od 1. \u010dervence 2023<\/b><span style=\"font-weight: 400;\"> prok\u00e1zat, \u017ee biomasa pro energetiku byla vyp\u011bstov\u00e1na s ohledem na ochranu klimatu, \u017eivotn\u00edho prost\u0159ed\u00ed, les\u016f nebo dobr\u00e9ho stavu zem\u011bd\u011blsk\u00e9 p\u016fdy. Do <\/span><b>prvn\u00edho pololet\u00ed 2023 se mohly prokazovat \u010destn\u00fdm prohl\u00e1\u0161en\u00edm<\/b><span style=\"font-weight: 400;\">\u00a0o udr\u017eitelnosti biomasy.<\/span><\/p>\n<p><b>Na certifikaci je v\u00e1z\u00e1na ve\u0159ejn\u00e1 podpora. <\/b><span style=\"font-weight: 400;\">V p\u0159\u00edpad\u011b, \u017ee je za\u0159\u00edzen\u00ed v re\u017eimu podpory, je pot\u0159eba plnit krit\u00e9ria udr\u017eitelnosti. V opa\u010dn\u00e9m p\u0159\u00edpad\u011b hroz\u00ed necertifikovan\u00e9mu subjektu pokuta a p\u0159edev\u0161\u00edm nevyplacen\u00ed podpory.<\/span><\/p>\n<h2><b>P\u0159\u00edprava na certifikaci<\/b><\/h2>\n<p><span style=\"font-weight: 400;\">CZ Biom nab\u00edz\u00ed sv\u00fdm \u010dlen\u016fm konzultace v\u011bnovan\u00e9 p\u0159\u00edprav\u011b na <\/span><span style=\"font-weight: 400;\">certifikaci krit\u00e9ri\u00ed udr\u017eitelnosti<\/span><span style=\"font-weight: 400;\">, p\u0159\u00edpravu dokumentace pro bioplynov\u00e9 stanice a elektr\u00e1rny\/tepl\u00e1rny na biomasu a jejich dodavatele, nastaven\u00ed syst\u00e9mu hmotnostn\u00ed bilance nebo v\u00fdpo\u010dtu \u00faspory emis\u00ed sklen\u00edkov\u00fdch plyn\u016f. <\/span><\/p>\n<p><span style=\"font-weight: 400;\">Spolupracujeme s certifika\u010dn\u00edmi syst\u00e9my <a href=\"https:\/\/sure-system.org\/en\/\">SURE<\/a> a <a href=\"http:\/\/www.kzr.inig.eu\/en\/\">KZR INiG<\/a> a certifika\u010dn\u00edmi spole\u010dnostmi, kter\u00e9 audituj\u00ed tyto syst\u00e9my.<\/span><\/p>\n<p><span style=\"font-weight: 400;\">Pokud se chcete na krit\u00e9ria udr\u017eitelnosti p\u0159ipravit, nev\u00e1hejte n\u00e1s kontaktovat na adrese: <\/span><a href=\"mailto:dajcl@biom.cz\"><span style=\"font-weight: 400;\">dajcl@biom.cz<\/span><\/a><span style=\"font-weight: 400;\">.<\/span><\/p>\n<p>CZ Biom je v\u00fdhradn\u00edm n\u00e1rodn\u00edm partnerem syst\u00e9mu SURE pro \u010ceskou i Slovenskou republiku.<\/p>\n<p><img loading=\"lazy\" decoding=\"async\" class=\"wp-image-1046 size-full alignnone\" src=\"https:\/\/www.czbiom.cz\/wp-content\/uploads\/SURE-logo-png-e1680690765199.png\" alt=\"\" width=\"189\" height=\"200\" \/><\/p>\n<p><img loading=\"lazy\" decoding=\"async\" class=\"wp-image-1047 alignnone\" src=\"https:\/\/www.czbiom.cz\/wp-content\/uploads\/kzr-logo-252x300.png\" alt=\"\" width=\"132\" height=\"157\" srcset=\"https:\/\/www.czbiom.cz\/wp-content\/uploads\/kzr-logo-252x300.png 252w, https:\/\/www.czbiom.cz\/wp-content\/uploads\/kzr-logo.png 437w\" sizes=\"auto, (max-width: 132px) 100vw, 132px\" \/><\/p>\n","protected":false},"excerpt":{"rendered":"<p>Povinnost pln\u011bn\u00ed krit\u00e9ri\u00ed udr\u017eitelnosti Podle\u00a0evropsk\u00e9 sm\u011brnice na podporu vyu\u017e\u00edv\u00e1n\u00ed energie z obnoviteln\u00fdch zdroj\u016f mus\u00ed velc\u00ed dodavatel\u00e9 elekt\u0159iny a tepla z pevn\u00e9 biomasy a bioplynu a jejich dodavatel\u00e9 prokazovat udr\u017eiteln\u00fd p\u016fvod biomasy.\u00a0 Za\u0159\u00edzen\u00ed zprovozn\u011bn\u00e1 v roce 2021 a pozd\u011bji mus\u00ed tak\u00e9 dos\u00e1hnout minim\u00e1ln\u00ed \u00faspory emis\u00ed sklen\u00edkov\u00fdch plyn\u016f bioenergie ve srovn\u00e1n\u00ed s fosiln\u00edmi palivy. Bioplynov\u00e9 stanice s [&hellip;]<\/p>\n","protected":false},"author":3,"featured_media":389,"parent":0,"menu_order":23,"comment_status":"closed","ping_status":"closed","template":"","meta":{"_acf_changed":false,"footnotes":""},"class_list":["post-567","page","type-page","status-publish","has-post-thumbnail","hentry"],"acf":[],"yoast_head":"<!-- This site is optimized with the Yoast SEO plugin v27.4 - https:\/\/yoast.com\/product\/yoast-seo-wordpress\/ -->\n<title>Krit\u00e9ria udr\u017eitelnosti - \u010cesk\u00e9 sdru\u017een\u00ed pro biomasu<\/title>\n<meta name=\"robots\" content=\"index, follow, max-snippet:-1, max-image-preview:large, max-video-preview:-1\" \/>\n<link rel=\"canonical\" href=\"https:\/\/www.czbiom.cz\/en\/udrzitelnost\/\" \/>\n<meta property=\"og:locale\" content=\"en_US\" \/>\n<meta property=\"og:type\" content=\"article\" \/>\n<meta property=\"og:title\" content=\"Krit\u00e9ria udr\u017eitelnosti - \u010cesk\u00e9 sdru\u017een\u00ed pro biomasu\" \/>\n<meta property=\"og:description\" content=\"Povinnost pln\u011bn\u00ed krit\u00e9ri\u00ed udr\u017eitelnosti Podle\u00a0evropsk\u00e9 sm\u011brnice na podporu vyu\u017e\u00edv\u00e1n\u00ed energie z obnoviteln\u00fdch zdroj\u016f mus\u00ed velc\u00ed dodavatel\u00e9 elekt\u0159iny a tepla z pevn\u00e9 biomasy a bioplynu a jejich dodavatel\u00e9 prokazovat udr\u017eiteln\u00fd p\u016fvod biomasy.\u00a0 Za\u0159\u00edzen\u00ed zprovozn\u011bn\u00e1 v roce 2021 a pozd\u011bji mus\u00ed tak\u00e9 dos\u00e1hnout minim\u00e1ln\u00ed \u00faspory emis\u00ed sklen\u00edkov\u00fdch plyn\u016f bioenergie ve srovn\u00e1n\u00ed s fosiln\u00edmi palivy. Bioplynov\u00e9 stanice s [&hellip;]\" \/>\n<meta property=\"og:url\" content=\"https:\/\/www.czbiom.cz\/en\/udrzitelnost\/\" \/>\n<meta property=\"og:site_name\" content=\"\u010cesk\u00e9 sdru\u017een\u00ed pro biomasu\" \/>\n<meta property=\"article:publisher\" content=\"https:\/\/www.facebook.com\/czbiom\/\" \/>\n<meta property=\"article:modified_time\" content=\"2024-02-23T14:50:33+00:00\" \/>\n<meta property=\"og:image\" content=\"https:\/\/www.czbiom.cz\/wp-content\/uploads\/Federico-Respini@Unsplash.com_-scaled.jpg\" \/>\n\t<meta property=\"og:image:width\" content=\"2560\" \/>\n\t<meta property=\"og:image:height\" content=\"1440\" \/>\n\t<meta property=\"og:image:type\" content=\"image\/jpeg\" \/>\n<meta name=\"twitter:card\" content=\"summary_large_image\" \/>\n<meta name=\"twitter:site\" content=\"@CZBiom\" \/>\n<meta name=\"twitter:label1\" content=\"Est. reading time\" \/>\n\t<meta name=\"twitter:data1\" content=\"1 minute\" \/>\n<script type=\"application\/ld+json\" class=\"yoast-schema-graph\">{\"@context\":\"https:\\\/\\\/schema.org\",\"@graph\":[{\"@type\":\"WebPage\",\"@id\":\"https:\\\/\\\/www.czbiom.cz\\\/en\\\/udrzitelnost\\\/\",\"url\":\"https:\\\/\\\/www.czbiom.cz\\\/en\\\/udrzitelnost\\\/\",\"name\":\"Krit\u00e9ria udr\u017eitelnosti - \u010cesk\u00e9 sdru\u017een\u00ed pro biomasu\",\"isPartOf\":{\"@id\":\"https:\\\/\\\/www.czbiom.cz\\\/en\\\/#website\"},\"primaryImageOfPage\":{\"@id\":\"https:\\\/\\\/www.czbiom.cz\\\/en\\\/udrzitelnost\\\/#primaryimage\"},\"image\":{\"@id\":\"https:\\\/\\\/www.czbiom.cz\\\/udrzitelnost\\\/#primaryimage\"},\"thumbnailUrl\":\"https:\\\/\\\/www.czbiom.cz\\\/wp-content\\\/uploads\\\/Federico-Respini@Unsplash.com_-scaled.jpg\",\"datePublished\":\"2022-03-07T14:48:59+00:00\",\"dateModified\":\"2024-02-23T14:50:33+00:00\",\"breadcrumb\":{\"@id\":\"https:\\\/\\\/www.czbiom.cz\\\/en\\\/udrzitelnost\\\/#breadcrumb\"},\"inLanguage\":\"en-US\",\"potentialAction\":[{\"@type\":\"ReadAction\",\"target\":[[\"https:\\\/\\\/www.czbiom.cz\\\/en\\\/udrzitelnost\\\/\"]]}]},{\"@type\":\"ImageObject\",\"inLanguage\":\"en-US\",\"@id\":\"https:\\\/\\\/www.czbiom.cz\\\/en\\\/udrzitelnost\\\/#primaryimage\",\"url\":\"https:\\\/\\\/www.czbiom.cz\\\/wp-content\\\/uploads\\\/Federico-Respini@Unsplash.com_-scaled.jpg\",\"contentUrl\":\"https:\\\/\\\/www.czbiom.cz\\\/wp-content\\\/uploads\\\/Federico-Respini@Unsplash.com_-scaled.jpg\",\"width\":2560,\"height\":1440},{\"@type\":\"BreadcrumbList\",\"@id\":\"https:\\\/\\\/www.czbiom.cz\\\/en\\\/udrzitelnost\\\/#breadcrumb\",\"itemListElement\":[{\"@type\":\"ListItem\",\"position\":1,\"name\":\"Dom\u016f\",\"item\":\"https:\\\/\\\/www.czbiom.cz\\\/en\\\/\"},{\"@type\":\"ListItem\",\"position\":2,\"name\":\"Krit\u00e9ria udr\u017eitelnosti\"}]},{\"@type\":\"WebSite\",\"@id\":\"https:\\\/\\\/www.czbiom.cz\\\/en\\\/#website\",\"url\":\"https:\\\/\\\/www.czbiom.cz\\\/en\\\/\",\"name\":\"\u010cesk\u00e9 sdru\u017een\u00ed pro biomasu\",\"description\":\"\",\"publisher\":{\"@id\":\"https:\\\/\\\/www.czbiom.cz\\\/en\\\/#organization\"},\"potentialAction\":[{\"@type\":\"SearchAction\",\"target\":{\"@type\":\"EntryPoint\",\"urlTemplate\":\"https:\\\/\\\/www.czbiom.cz\\\/en\\\/?s={search_term_string}\"},\"query-input\":{\"@type\":\"PropertyValueSpecification\",\"valueRequired\":true,\"valueName\":\"search_term_string\"}}],\"inLanguage\":\"en-US\"},{\"@type\":\"Organization\",\"@id\":\"https:\\\/\\\/www.czbiom.cz\\\/en\\\/#organization\",\"name\":\"\u010cesk\u00e9 sdru\u017een\u00ed pro biomasu\",\"url\":\"https:\\\/\\\/www.czbiom.cz\\\/en\\\/\",\"logo\":{\"@type\":\"ImageObject\",\"inLanguage\":\"en-US\",\"@id\":\"https:\\\/\\\/www.czbiom.cz\\\/en\\\/#\\\/schema\\\/logo\\\/image\\\/\",\"url\":\"https:\\\/\\\/www.czbiom.cz\\\/wp-content\\\/uploads\\\/logo-fb.png\",\"contentUrl\":\"https:\\\/\\\/www.czbiom.cz\\\/wp-content\\\/uploads\\\/logo-fb.png\",\"width\":1200,\"height\":630,\"caption\":\"\u010cesk\u00e9 sdru\u017een\u00ed pro biomasu\"},\"image\":{\"@id\":\"https:\\\/\\\/www.czbiom.cz\\\/en\\\/#\\\/schema\\\/logo\\\/image\\\/\"},\"sameAs\":[\"https:\\\/\\\/www.facebook.com\\\/czbiom\\\/\",\"https:\\\/\\\/x.com\\\/CZBiom\",\"https:\\\/\\\/www.youtube.com\\\/@czbiom5277\",\"https:\\\/\\\/www.linkedin.com\\\/company\\\/asociaceczbiom\"]}]}<\/script>\n<!-- \/ Yoast SEO plugin. -->","yoast_head_json":{"title":"Krit\u00e9ria udr\u017eitelnosti - \u010cesk\u00e9 sdru\u017een\u00ed pro biomasu","robots":{"index":"index","follow":"follow","max-snippet":"max-snippet:-1","max-image-preview":"max-image-preview:large","max-video-preview":"max-video-preview:-1"},"canonical":"https:\/\/www.czbiom.cz\/en\/udrzitelnost\/","og_locale":"en_US","og_type":"article","og_title":"Krit\u00e9ria udr\u017eitelnosti - \u010cesk\u00e9 sdru\u017een\u00ed pro biomasu","og_description":"Povinnost pln\u011bn\u00ed krit\u00e9ri\u00ed udr\u017eitelnosti Podle\u00a0evropsk\u00e9 sm\u011brnice na podporu vyu\u017e\u00edv\u00e1n\u00ed energie z obnoviteln\u00fdch zdroj\u016f mus\u00ed velc\u00ed dodavatel\u00e9 elekt\u0159iny a tepla z pevn\u00e9 biomasy a bioplynu a jejich dodavatel\u00e9 prokazovat udr\u017eiteln\u00fd p\u016fvod biomasy.\u00a0 Za\u0159\u00edzen\u00ed zprovozn\u011bn\u00e1 v roce 2021 a pozd\u011bji mus\u00ed tak\u00e9 dos\u00e1hnout minim\u00e1ln\u00ed \u00faspory emis\u00ed sklen\u00edkov\u00fdch plyn\u016f bioenergie ve srovn\u00e1n\u00ed s fosiln\u00edmi palivy. Bioplynov\u00e9 stanice s [&hellip;]","og_url":"https:\/\/www.czbiom.cz\/en\/udrzitelnost\/","og_site_name":"\u010cesk\u00e9 sdru\u017een\u00ed pro biomasu","article_publisher":"https:\/\/www.facebook.com\/czbiom\/","article_modified_time":"2024-02-23T14:50:33+00:00","og_image":[{"width":2560,"height":1440,"url":"https:\/\/www.czbiom.cz\/wp-content\/uploads\/Federico-Respini@Unsplash.com_-scaled.jpg","type":"image\/jpeg"}],"twitter_card":"summary_large_image","twitter_site":"@CZBiom","twitter_misc":{"Est. reading time":"1 minute"},"schema":{"@context":"https:\/\/schema.org","@graph":[{"@type":"WebPage","@id":"https:\/\/www.czbiom.cz\/en\/udrzitelnost\/","url":"https:\/\/www.czbiom.cz\/en\/udrzitelnost\/","name":"Krit\u00e9ria udr\u017eitelnosti - \u010cesk\u00e9 sdru\u017een\u00ed pro biomasu","isPartOf":{"@id":"https:\/\/www.czbiom.cz\/en\/#website"},"primaryImageOfPage":{"@id":"https:\/\/www.czbiom.cz\/en\/udrzitelnost\/#primaryimage"},"image":{"@id":"https:\/\/www.czbiom.cz\/udrzitelnost\/#primaryimage"},"thumbnailUrl":"https:\/\/www.czbiom.cz\/wp-content\/uploads\/Federico-Respini@Unsplash.com_-scaled.jpg","datePublished":"2022-03-07T14:48:59+00:00","dateModified":"2024-02-23T14:50:33+00:00","breadcrumb":{"@id":"https:\/\/www.czbiom.cz\/en\/udrzitelnost\/#breadcrumb"},"inLanguage":"en-US","potentialAction":[{"@type":"ReadAction","target":[["https:\/\/www.czbiom.cz\/en\/udrzitelnost\/"]]}]},{"@type":"ImageObject","inLanguage":"en-US","@id":"https:\/\/www.czbiom.cz\/en\/udrzitelnost\/#primaryimage","url":"https:\/\/www.czbiom.cz\/wp-content\/uploads\/Federico-Respini@Unsplash.com_-scaled.jpg","contentUrl":"https:\/\/www.czbiom.cz\/wp-content\/uploads\/Federico-Respini@Unsplash.com_-scaled.jpg","width":2560,"height":1440},{"@type":"BreadcrumbList","@id":"https:\/\/www.czbiom.cz\/en\/udrzitelnost\/#breadcrumb","itemListElement":[{"@type":"ListItem","position":1,"name":"Dom\u016f","item":"https:\/\/www.czbiom.cz\/en\/"},{"@type":"ListItem","position":2,"name":"Krit\u00e9ria udr\u017eitelnosti"}]},{"@type":"WebSite","@id":"https:\/\/www.czbiom.cz\/en\/#website","url":"https:\/\/www.czbiom.cz\/en\/","name":"\u010cesk\u00e9 sdru\u017een\u00ed pro biomasu","description":"","publisher":{"@id":"https:\/\/www.czbiom.cz\/en\/#organization"},"potentialAction":[{"@type":"SearchAction","target":{"@type":"EntryPoint","urlTemplate":"https:\/\/www.czbiom.cz\/en\/?s={search_term_string}"},"query-input":{"@type":"PropertyValueSpecification","valueRequired":true,"valueName":"search_term_string"}}],"inLanguage":"en-US"},{"@type":"Organization","@id":"https:\/\/www.czbiom.cz\/en\/#organization","name":"\u010cesk\u00e9 sdru\u017een\u00ed pro biomasu","url":"https:\/\/www.czbiom.cz\/en\/","logo":{"@type":"ImageObject","inLanguage":"en-US","@id":"https:\/\/www.czbiom.cz\/en\/#\/schema\/logo\/image\/","url":"https:\/\/www.czbiom.cz\/wp-content\/uploads\/logo-fb.png","contentUrl":"https:\/\/www.czbiom.cz\/wp-content\/uploads\/logo-fb.png","width":1200,"height":630,"caption":"\u010cesk\u00e9 sdru\u017een\u00ed pro biomasu"},"image":{"@id":"https:\/\/www.czbiom.cz\/en\/#\/schema\/logo\/image\/"},"sameAs":["https:\/\/www.facebook.com\/czbiom\/","https:\/\/x.com\/CZBiom","https:\/\/www.youtube.com\/@czbiom5277","https:\/\/www.linkedin.com\/company\/asociaceczbiom"]}]}},"_links":{"self":[{"href":"https:\/\/www.czbiom.cz\/en\/wp-json\/wp\/v2\/pages\/567","targetHints":{"allow":["GET"]}}],"collection":[{"href":"https:\/\/www.czbiom.cz\/en\/wp-json\/wp\/v2\/pages"}],"about":[{"href":"https:\/\/www.czbiom.cz\/en\/wp-json\/wp\/v2\/types\/page"}],"author":[{"embeddable":true,"href":"https:\/\/www.czbiom.cz\/en\/wp-json\/wp\/v2\/users\/3"}],"replies":[{"embeddable":true,"href":"https:\/\/www.czbiom.cz\/en\/wp-json\/wp\/v2\/comments?post=567"}],"version-history":[{"count":14,"href":"https:\/\/www.czbiom.cz\/en\/wp-json\/wp\/v2\/pages\/567\/revisions"}],"predecessor-version":[{"id":1340,"href":"https:\/\/www.czbiom.cz\/en\/wp-json\/wp\/v2\/pages\/567\/revisions\/1340"}],"wp:featuredmedia":[{"embeddable":true,"href":"https:\/\/www.czbiom.cz\/en\/wp-json\/wp\/v2\/media\/389"}],"wp:attachment":[{"href":"https:\/\/www.czbiom.cz\/en\/wp-json\/wp\/v2\/media?parent=567"}],"curies":[{"name":"wp","href":"https:\/\/api.w.org\/{rel}","templated":true}]}}