{"id":1248,"date":"2025-05-19T20:09:52","date_gmt":"2025-05-19T18:09:52","guid":{"rendered":"https:\/\/www.czbiom.cz\/?page_id=1248"},"modified":"2025-12-08T13:18:17","modified_gmt":"2025-12-08T12:18:17","slug":"risk-analyza-lesni-biomasa-sure","status":"publish","type":"page","link":"https:\/\/www.czbiom.cz\/en\/risk-analyza-lesni-biomasa-sure\/","title":{"rendered":"Rizikov\u00e1 anal\u00fdza pro lesn\u00ed biomasu syst\u00e9mu SURE"},"content":{"rendered":"<p><\/p>\n<p>Ve spolupr\u00e1ci se syst\u00e9mem <a href=\"https:\/\/sure-system.org\/en\/\">SURE<\/a> byla schv\u00e1lena rizikov\u00e1 anal\u00fdza pro \u010ceskou republiku v kategorii n\u00edzk\u00e9ho rizika. Toto n\u00edzk\u00e9 riziko plat\u00ed pro ve\u0161kerou biomasu z\u00edsk\u00e1vanou na \u00fazem\u00ed \u010cR z lesn\u00edch pozemk\u016f.<\/p>\n<p>Dokument vych\u00e1z\u00ed z prim\u00e1rn\u00edch po\u017eadavk\u016f sm\u011brnice RED II a\u00a0Prov\u00e1d\u011bc\u00edho na\u0159\u00edzen\u00ed Komise (EU) 2022\/2448. C\u00edlem dokumentu je zjednodu\u0161en\u00ed administrativy p\u0159i ov\u011b\u0159ov\u00e1n\u00ed krit\u00e9ri\u00ed udr\u017eitelnosti a zv\u00fd\u0161en\u00ed ochrany lesn\u00edch porost\u016f.<\/p>\n<p>Dokument ke sta\u017een\u00ed zde: <a href=\"https:\/\/www.czbiom.cz\/wp-content\/uploads\/Czech-Republic_SURE-Risk-Assessment_Final_Oct-2023.pdf\">Rizikov\u00e1 anal\u00fdza pro lesn\u00ed biomasu syst\u00e9mu SURE (EN)<\/a><\/p>\n<p><img loading=\"lazy\" decoding=\"async\" class=\"alignnone size-full wp-image-1046\" src=\"https:\/\/www.czbiom.cz\/wp-content\/uploads\/SURE-logo-png-e1680690765199.png\" alt=\"\" width=\"189\" height=\"200\" \/><\/p>\n<p><img loading=\"lazy\" decoding=\"async\" class=\"alignnone size-large wp-image-1249\" src=\"https:\/\/www.czbiom.cz\/wp-content\/uploads\/LinkedTemplate_Risk-Assessment_CZ-01-1024x535.jpg\" alt=\"\" width=\"1024\" height=\"535\" srcset=\"https:\/\/www.czbiom.cz\/wp-content\/uploads\/LinkedTemplate_Risk-Assessment_CZ-01-1024x535.jpg 1024w, https:\/\/www.czbiom.cz\/wp-content\/uploads\/LinkedTemplate_Risk-Assessment_CZ-01-300x157.jpg 300w, https:\/\/www.czbiom.cz\/wp-content\/uploads\/LinkedTemplate_Risk-Assessment_CZ-01-768x401.jpg 768w, https:\/\/www.czbiom.cz\/wp-content\/uploads\/LinkedTemplate_Risk-Assessment_CZ-01.jpg 1200w\" sizes=\"auto, (max-width: 1024px) 100vw, 1024px\" \/><\/p>\n<p><\/p>","protected":false},"excerpt":{"rendered":"<p>Ve spolupr\u00e1ci se syst\u00e9mem SURE byla schv\u00e1lena rizikov\u00e1 anal\u00fdza pro \u010ceskou republiku v kategorii n\u00edzk\u00e9ho rizika. Toto n\u00edzk\u00e9 riziko plat\u00ed pro ve\u0161kerou biomasu z\u00edsk\u00e1vanou na \u00fazem\u00ed \u010cR z lesn\u00edch pozemk\u016f. Dokument vych\u00e1z\u00ed z prim\u00e1rn\u00edch po\u017eadavk\u016f sm\u011brnice RED II a\u00a0Prov\u00e1d\u011bc\u00edho na\u0159\u00edzen\u00ed Komise (EU) 2022\/2448. C\u00edlem dokumentu je zjednodu\u0161en\u00ed administrativy p\u0159i ov\u011b\u0159ov\u00e1n\u00ed krit\u00e9ri\u00ed udr\u017eitelnosti a zv\u00fd\u0161en\u00ed ochrany [&hellip;]<\/p>\n","protected":false},"author":3,"featured_media":512,"parent":0,"menu_order":13,"comment_status":"closed","ping_status":"closed","template":"","meta":{"_acf_changed":false,"footnotes":""},"class_list":["post-1248","page","type-page","status-publish","has-post-thumbnail","hentry"],"acf":[],"yoast_head":"<!-- This site is optimized with the Yoast SEO plugin v27.4 - https:\/\/yoast.com\/product\/yoast-seo-wordpress\/ -->\n<title>Rizikov\u00e1 anal\u00fdza pro lesn\u00ed biomasu syst\u00e9mu SURE - \u010cesk\u00e9 sdru\u017een\u00ed pro biomasu<\/title>\n<meta name=\"robots\" content=\"index, follow, max-snippet:-1, max-image-preview:large, max-video-preview:-1\" \/>\n<link rel=\"canonical\" href=\"https:\/\/www.czbiom.cz\/en\/risk-analyza-lesni-biomasa-sure\/\" \/>\n<meta property=\"og:locale\" content=\"en_US\" \/>\n<meta property=\"og:type\" content=\"article\" \/>\n<meta property=\"og:title\" content=\"Rizikov\u00e1 anal\u00fdza pro lesn\u00ed biomasu syst\u00e9mu SURE - \u010cesk\u00e9 sdru\u017een\u00ed pro biomasu\" \/>\n<meta property=\"og:description\" content=\"Ve spolupr\u00e1ci se syst\u00e9mem SURE byla schv\u00e1lena rizikov\u00e1 anal\u00fdza pro \u010ceskou republiku v kategorii n\u00edzk\u00e9ho rizika. Toto n\u00edzk\u00e9 riziko plat\u00ed pro ve\u0161kerou biomasu z\u00edsk\u00e1vanou na \u00fazem\u00ed \u010cR z lesn\u00edch pozemk\u016f. Dokument vych\u00e1z\u00ed z prim\u00e1rn\u00edch po\u017eadavk\u016f sm\u011brnice RED II a\u00a0Prov\u00e1d\u011bc\u00edho na\u0159\u00edzen\u00ed Komise (EU) 2022\/2448. C\u00edlem dokumentu je zjednodu\u0161en\u00ed administrativy p\u0159i ov\u011b\u0159ov\u00e1n\u00ed krit\u00e9ri\u00ed udr\u017eitelnosti a zv\u00fd\u0161en\u00ed ochrany [&hellip;]\" \/>\n<meta property=\"og:url\" content=\"https:\/\/www.czbiom.cz\/en\/risk-analyza-lesni-biomasa-sure\/\" \/>\n<meta property=\"og:site_name\" content=\"\u010cesk\u00e9 sdru\u017een\u00ed pro biomasu\" \/>\n<meta property=\"article:publisher\" content=\"https:\/\/www.facebook.com\/czbiom\/\" \/>\n<meta property=\"article:modified_time\" content=\"2025-12-08T12:18:17+00:00\" \/>\n<meta property=\"og:image\" content=\"https:\/\/www.czbiom.cz\/wp-content\/uploads\/jplenio@Pixabay.com_II.jpg\" \/>\n\t<meta property=\"og:image:width\" content=\"1920\" \/>\n\t<meta property=\"og:image:height\" content=\"1280\" \/>\n\t<meta property=\"og:image:type\" content=\"image\/jpeg\" \/>\n<meta name=\"twitter:card\" content=\"summary_large_image\" \/>\n<meta name=\"twitter:site\" content=\"@CZBiom\" \/>\n<meta name=\"twitter:label1\" content=\"Est. reading time\" \/>\n\t<meta name=\"twitter:data1\" content=\"6 minutes\" \/>\n<script type=\"application\/ld+json\" class=\"yoast-schema-graph\">{\"@context\":\"https:\\\/\\\/schema.org\",\"@graph\":[{\"@type\":\"WebPage\",\"@id\":\"https:\\\/\\\/www.czbiom.cz\\\/en\\\/risk-analyza-lesni-biomasa-sure\\\/\",\"url\":\"https:\\\/\\\/www.czbiom.cz\\\/en\\\/risk-analyza-lesni-biomasa-sure\\\/\",\"name\":\"Rizikov\u00e1 anal\u00fdza pro lesn\u00ed biomasu syst\u00e9mu SURE - \u010cesk\u00e9 sdru\u017een\u00ed pro biomasu\",\"isPartOf\":{\"@id\":\"https:\\\/\\\/www.czbiom.cz\\\/en\\\/#website\"},\"primaryImageOfPage\":{\"@id\":\"https:\\\/\\\/www.czbiom.cz\\\/en\\\/risk-analyza-lesni-biomasa-sure\\\/#primaryimage\"},\"image\":{\"@id\":\"https:\\\/\\\/www.czbiom.cz\\\/risk-analyza-lesni-biomasa-sure\\\/#primaryimage\"},\"thumbnailUrl\":\"https:\\\/\\\/www.czbiom.cz\\\/wp-content\\\/uploads\\\/jplenio@Pixabay.com_II.jpg\",\"datePublished\":\"2025-05-19T18:09:52+00:00\",\"dateModified\":\"2025-12-08T12:18:17+00:00\",\"breadcrumb\":{\"@id\":\"https:\\\/\\\/www.czbiom.cz\\\/en\\\/risk-analyza-lesni-biomasa-sure\\\/#breadcrumb\"},\"inLanguage\":\"en-US\",\"potentialAction\":[{\"@type\":\"ReadAction\",\"target\":[[\"https:\\\/\\\/www.czbiom.cz\\\/en\\\/risk-analyza-lesni-biomasa-sure\\\/\"]]}]},{\"@type\":\"ImageObject\",\"inLanguage\":\"en-US\",\"@id\":\"https:\\\/\\\/www.czbiom.cz\\\/en\\\/risk-analyza-lesni-biomasa-sure\\\/#primaryimage\",\"url\":\"https:\\\/\\\/www.czbiom.cz\\\/wp-content\\\/uploads\\\/jplenio@Pixabay.com_II.jpg\",\"contentUrl\":\"https:\\\/\\\/www.czbiom.cz\\\/wp-content\\\/uploads\\\/jplenio@Pixabay.com_II.jpg\",\"width\":1920,\"height\":1280},{\"@type\":\"BreadcrumbList\",\"@id\":\"https:\\\/\\\/www.czbiom.cz\\\/en\\\/risk-analyza-lesni-biomasa-sure\\\/#breadcrumb\",\"itemListElement\":[{\"@type\":\"ListItem\",\"position\":1,\"name\":\"Dom\u016f\",\"item\":\"https:\\\/\\\/www.czbiom.cz\\\/en\\\/\"},{\"@type\":\"ListItem\",\"position\":2,\"name\":\"Risk anal\u00fdza lesn\u00ed biomasy syst\u00e9mu SURE\"}]},{\"@type\":\"WebSite\",\"@id\":\"https:\\\/\\\/www.czbiom.cz\\\/en\\\/#website\",\"url\":\"https:\\\/\\\/www.czbiom.cz\\\/en\\\/\",\"name\":\"\u010cesk\u00e9 sdru\u017een\u00ed pro biomasu\",\"description\":\"\",\"publisher\":{\"@id\":\"https:\\\/\\\/www.czbiom.cz\\\/en\\\/#organization\"},\"potentialAction\":[{\"@type\":\"SearchAction\",\"target\":{\"@type\":\"EntryPoint\",\"urlTemplate\":\"https:\\\/\\\/www.czbiom.cz\\\/en\\\/?s={search_term_string}\"},\"query-input\":{\"@type\":\"PropertyValueSpecification\",\"valueRequired\":true,\"valueName\":\"search_term_string\"}}],\"inLanguage\":\"en-US\"},{\"@type\":\"Organization\",\"@id\":\"https:\\\/\\\/www.czbiom.cz\\\/en\\\/#organization\",\"name\":\"\u010cesk\u00e9 sdru\u017een\u00ed pro biomasu\",\"url\":\"https:\\\/\\\/www.czbiom.cz\\\/en\\\/\",\"logo\":{\"@type\":\"ImageObject\",\"inLanguage\":\"en-US\",\"@id\":\"https:\\\/\\\/www.czbiom.cz\\\/en\\\/#\\\/schema\\\/logo\\\/image\\\/\",\"url\":\"https:\\\/\\\/www.czbiom.cz\\\/wp-content\\\/uploads\\\/logo-fb.png\",\"contentUrl\":\"https:\\\/\\\/www.czbiom.cz\\\/wp-content\\\/uploads\\\/logo-fb.png\",\"width\":1200,\"height\":630,\"caption\":\"\u010cesk\u00e9 sdru\u017een\u00ed pro biomasu\"},\"image\":{\"@id\":\"https:\\\/\\\/www.czbiom.cz\\\/en\\\/#\\\/schema\\\/logo\\\/image\\\/\"},\"sameAs\":[\"https:\\\/\\\/www.facebook.com\\\/czbiom\\\/\",\"https:\\\/\\\/x.com\\\/CZBiom\",\"https:\\\/\\\/www.youtube.com\\\/@czbiom5277\",\"https:\\\/\\\/www.linkedin.com\\\/company\\\/asociaceczbiom\"]}]}<\/script>\n<!-- \/ Yoast SEO plugin. -->","yoast_head_json":{"title":"Rizikov\u00e1 anal\u00fdza pro lesn\u00ed biomasu syst\u00e9mu SURE - \u010cesk\u00e9 sdru\u017een\u00ed pro biomasu","robots":{"index":"index","follow":"follow","max-snippet":"max-snippet:-1","max-image-preview":"max-image-preview:large","max-video-preview":"max-video-preview:-1"},"canonical":"https:\/\/www.czbiom.cz\/en\/risk-analyza-lesni-biomasa-sure\/","og_locale":"en_US","og_type":"article","og_title":"Rizikov\u00e1 anal\u00fdza pro lesn\u00ed biomasu syst\u00e9mu SURE - \u010cesk\u00e9 sdru\u017een\u00ed pro biomasu","og_description":"Ve spolupr\u00e1ci se syst\u00e9mem SURE byla schv\u00e1lena rizikov\u00e1 anal\u00fdza pro \u010ceskou republiku v kategorii n\u00edzk\u00e9ho rizika. Toto n\u00edzk\u00e9 riziko plat\u00ed pro ve\u0161kerou biomasu z\u00edsk\u00e1vanou na \u00fazem\u00ed \u010cR z lesn\u00edch pozemk\u016f. Dokument vych\u00e1z\u00ed z prim\u00e1rn\u00edch po\u017eadavk\u016f sm\u011brnice RED II a\u00a0Prov\u00e1d\u011bc\u00edho na\u0159\u00edzen\u00ed Komise (EU) 2022\/2448. C\u00edlem dokumentu je zjednodu\u0161en\u00ed administrativy p\u0159i ov\u011b\u0159ov\u00e1n\u00ed krit\u00e9ri\u00ed udr\u017eitelnosti a zv\u00fd\u0161en\u00ed ochrany [&hellip;]","og_url":"https:\/\/www.czbiom.cz\/en\/risk-analyza-lesni-biomasa-sure\/","og_site_name":"\u010cesk\u00e9 sdru\u017een\u00ed pro biomasu","article_publisher":"https:\/\/www.facebook.com\/czbiom\/","article_modified_time":"2025-12-08T12:18:17+00:00","og_image":[{"width":1920,"height":1280,"url":"https:\/\/www.czbiom.cz\/wp-content\/uploads\/jplenio@Pixabay.com_II.jpg","type":"image\/jpeg"}],"twitter_card":"summary_large_image","twitter_site":"@CZBiom","twitter_misc":{"Est. reading time":"6 minutes"},"schema":{"@context":"https:\/\/schema.org","@graph":[{"@type":"WebPage","@id":"https:\/\/www.czbiom.cz\/en\/risk-analyza-lesni-biomasa-sure\/","url":"https:\/\/www.czbiom.cz\/en\/risk-analyza-lesni-biomasa-sure\/","name":"Rizikov\u00e1 anal\u00fdza pro lesn\u00ed biomasu syst\u00e9mu SURE - \u010cesk\u00e9 sdru\u017een\u00ed pro biomasu","isPartOf":{"@id":"https:\/\/www.czbiom.cz\/en\/#website"},"primaryImageOfPage":{"@id":"https:\/\/www.czbiom.cz\/en\/risk-analyza-lesni-biomasa-sure\/#primaryimage"},"image":{"@id":"https:\/\/www.czbiom.cz\/risk-analyza-lesni-biomasa-sure\/#primaryimage"},"thumbnailUrl":"https:\/\/www.czbiom.cz\/wp-content\/uploads\/jplenio@Pixabay.com_II.jpg","datePublished":"2025-05-19T18:09:52+00:00","dateModified":"2025-12-08T12:18:17+00:00","breadcrumb":{"@id":"https:\/\/www.czbiom.cz\/en\/risk-analyza-lesni-biomasa-sure\/#breadcrumb"},"inLanguage":"en-US","potentialAction":[{"@type":"ReadAction","target":[["https:\/\/www.czbiom.cz\/en\/risk-analyza-lesni-biomasa-sure\/"]]}]},{"@type":"ImageObject","inLanguage":"en-US","@id":"https:\/\/www.czbiom.cz\/en\/risk-analyza-lesni-biomasa-sure\/#primaryimage","url":"https:\/\/www.czbiom.cz\/wp-content\/uploads\/jplenio@Pixabay.com_II.jpg","contentUrl":"https:\/\/www.czbiom.cz\/wp-content\/uploads\/jplenio@Pixabay.com_II.jpg","width":1920,"height":1280},{"@type":"BreadcrumbList","@id":"https:\/\/www.czbiom.cz\/en\/risk-analyza-lesni-biomasa-sure\/#breadcrumb","itemListElement":[{"@type":"ListItem","position":1,"name":"Dom\u016f","item":"https:\/\/www.czbiom.cz\/en\/"},{"@type":"ListItem","position":2,"name":"Risk anal\u00fdza lesn\u00ed biomasy syst\u00e9mu SURE"}]},{"@type":"WebSite","@id":"https:\/\/www.czbiom.cz\/en\/#website","url":"https:\/\/www.czbiom.cz\/en\/","name":"\u010cesk\u00e9 sdru\u017een\u00ed pro biomasu","description":"","publisher":{"@id":"https:\/\/www.czbiom.cz\/en\/#organization"},"potentialAction":[{"@type":"SearchAction","target":{"@type":"EntryPoint","urlTemplate":"https:\/\/www.czbiom.cz\/en\/?s={search_term_string}"},"query-input":{"@type":"PropertyValueSpecification","valueRequired":true,"valueName":"search_term_string"}}],"inLanguage":"en-US"},{"@type":"Organization","@id":"https:\/\/www.czbiom.cz\/en\/#organization","name":"\u010cesk\u00e9 sdru\u017een\u00ed pro biomasu","url":"https:\/\/www.czbiom.cz\/en\/","logo":{"@type":"ImageObject","inLanguage":"en-US","@id":"https:\/\/www.czbiom.cz\/en\/#\/schema\/logo\/image\/","url":"https:\/\/www.czbiom.cz\/wp-content\/uploads\/logo-fb.png","contentUrl":"https:\/\/www.czbiom.cz\/wp-content\/uploads\/logo-fb.png","width":1200,"height":630,"caption":"\u010cesk\u00e9 sdru\u017een\u00ed pro biomasu"},"image":{"@id":"https:\/\/www.czbiom.cz\/en\/#\/schema\/logo\/image\/"},"sameAs":["https:\/\/www.facebook.com\/czbiom\/","https:\/\/x.com\/CZBiom","https:\/\/www.youtube.com\/@czbiom5277","https:\/\/www.linkedin.com\/company\/asociaceczbiom"]}]}},"_links":{"self":[{"href":"https:\/\/www.czbiom.cz\/en\/wp-json\/wp\/v2\/pages\/1248","targetHints":{"allow":["GET"]}}],"collection":[{"href":"https:\/\/www.czbiom.cz\/en\/wp-json\/wp\/v2\/pages"}],"about":[{"href":"https:\/\/www.czbiom.cz\/en\/wp-json\/wp\/v2\/types\/page"}],"author":[{"embeddable":true,"href":"https:\/\/www.czbiom.cz\/en\/wp-json\/wp\/v2\/users\/3"}],"replies":[{"embeddable":true,"href":"https:\/\/www.czbiom.cz\/en\/wp-json\/wp\/v2\/comments?post=1248"}],"version-history":[{"count":8,"href":"https:\/\/www.czbiom.cz\/en\/wp-json\/wp\/v2\/pages\/1248\/revisions"}],"predecessor-version":[{"id":17271,"href":"https:\/\/www.czbiom.cz\/en\/wp-json\/wp\/v2\/pages\/1248\/revisions\/17271"}],"wp:featuredmedia":[{"embeddable":true,"href":"https:\/\/www.czbiom.cz\/en\/wp-json\/wp\/v2\/media\/512"}],"wp:attachment":[{"href":"https:\/\/www.czbiom.cz\/en\/wp-json\/wp\/v2\/media?parent=1248"}],"curies":[{"name":"wp","href":"https:\/\/api.w.org\/{rel}","templated":true}]}}